{"id":1347,"date":"2023-06-13T21:27:03","date_gmt":"2023-06-13T21:27:03","guid":{"rendered":"https:\/\/operaacademy.eu\/?page_id=1347"},"modified":"2023-06-13T21:29:15","modified_gmt":"2023-06-13T21:29:15","slug":"praktyki-zawodowe-z-handel-opera-academy","status":"publish","type":"page","link":"https:\/\/operaacademy.eu\/pl\/praktyki-zawodowe-z-handel-opera-academy\/","title":{"rendered":"Praktyki zawodowe"},"content":{"rendered":"<p><strong>KIM JESTE\u015aMY?<\/strong><\/p><p>Handel Opera Academy (HOA) powsta\u0142a w 2021 roku jako mi\u0119dzynarodowa inicjatywa artystyczna skupiaj\u0105ca si\u0119 na wykonawstwie muzyki barokowej, w szczeg\u00f3lno\u015bci oper z dorobku wybitnego kompozytora G.F. H\u00e4ndla.<\/p><p>Od pocz\u0105tku swojego istnienia jeste\u015bmy zwi\u0105zani z Tarnowskimi G\u00f3rami &#8211; to w Tarnog\u00f3rskim Centrum Kultury (TCK) w lipcu 2022 r. odby\u0142a si\u0119 pierwsza edycja Akademii. Ponad 20 artyst\u00f3w z 12 kraj\u00f3w pracowa\u0142o wsp\u00f3lnie przez ca\u0142y miesi\u0105c przygotowuj\u0105c inscenizacj\u0119 opery \u201cGiulio Cesare\u201d. Fina\u0142owe spektakle odby\u0142y si\u0119 na scenie TCK i by\u0142y otwarte dla publiczno\u015bci.<\/p><p>W 2023 roku Akademia odbywa si\u0119 po raz kolejny, a przygotowywanym dzie\u0142em b\u0119dzie \u201cAlcina\u201d, kolejna opera z dorobku G.F. H\u00e4ndla.<\/p><p>Wi\u0119cej szczeg\u00f3\u0142\u00f3w na g\u0142\u00f3wnej stronie Akademii: <a href=\"https:\/\/operaacademy.eu\/pl\/\">https:\/\/operaacademy.eu\/<\/a><\/p><p><\/p><p><strong>KOGO SZUKAMY?<\/strong><\/p><p>Zapraszamy ch\u0119tnych m\u0142odych artyst\u00f3w, uczni\u00f3w szk\u00f3\u0142 o profilu artystycznym, do do\u0142\u0105czenia do naszego zespo\u0142u w ramach praktyk. Uczniowie b\u0119d\u0105 mogli pozna\u0107 proces realizacji spektaklu operowego od pierwszych pr\u00f3b a\u017c do oficjalnej premiery pod koniec lipca.&nbsp;<\/p><p>Szukamy kandydat\u00f3w kt\u00f3rzy mog\u0105 by\u0107 dost\u0119pni przez co najmniej jeden ci\u0105g\u0142y okres trzech dni mi\u0119dzy 2 i 30 lipca 2023 r. (im d\u0142u\u017cej tym lepiej).<\/p><p>G\u0142\u00f3wnym miejscem praktyk b\u0119dzie Tarnog\u00f3rskie Centrum Kultury (TCK).<\/p><p><\/p><p><strong>CO OFERUJEMY?<\/strong><\/p><p>Zapraszamy do wsp\u00f3\u0142pracy zar\u00f3wno osoby o sprecyzowanych zainteresowaniach kt\u00f3re chcia\u0142yby pog\u0142\u0119bi\u0107 wiedz\u0119 i umiej\u0119tno\u015bci w zakresie swojej preferowanej dziedziny sztuki, jak i osoby kt\u00f3re chc\u0105 spr\u00f3bowa\u0107 czego\u015b nowego. Codzienna praca i nauka b\u0119d\u0105 si\u0119 odbywa\u0142y pod czujnym okiem naszych specjalist\u00f3w:<\/p><ul class=\"wp-block-list\"><li>Zuzanna Ostropolska-Nalewaja &#8211; scenografia, kostiumy<\/li>\n\n<li>Maria Pawlicka &#8211; scenografia, charakteryzacja<\/li>\n\n<li>Miko\u0142aj Wolniewski &#8211; re\u017cyseria \u015bwiat\u0142a<\/li>\n\n<li>Kaja Gomez-Cabrero &#8211; fotografia i wideo<\/li><\/ul><p><strong>Przyk\u0142adowe zadania dla praktykant\u00f3w<\/strong><\/p><p>Scenografia:<\/p><ul class=\"wp-block-list\"><li>Budowa scenografii z wykorzystaniem r\u00f3\u017cnych materia\u0142\u00f3w (drewno, metal, papier, styropian)<\/li>\n\n<li>Malowanie scenografii r\u00f3\u017cnymi technikami (osi\u0105gni\u0119cie efektu kamienia, drewna itp.)<\/li>\n\n<li>Obs\u0142uga podstawowych narz\u0119dzi budowlanych (wkr\u0119tarka, wiertarka, wyrzynarka, taker pneumatyczny, opalarka)<\/li>\n\n<li>Nauka technik scenograficznych (butaforowanie, odlewy z \u017cywicy epoksydowej)<\/li>\n\n<li>Nauka planowania przestrzeni na scenie z uwzgl\u0119dnieniem ruchu aktor\u00f3w<\/li>\n\n<li>Nauka obs\u0142ugi lasera tn\u0105cego<\/li>\n\n<li>Tworzenie rekwizyt\u00f3w oraz efekt\u00f3w specjalnych (np. krew na scenie)<\/li>\n\n<li>Przygotowywanie sceny pod kolejne akty podczas pr\u00f3b i spektakli<\/li><\/ul><p>Kostiumy:<\/p><ul class=\"wp-block-list\"><li>Szycie kostium\u00f3w na miar\u0119 z r\u00f3\u017cnych materia\u0142\u00f3w<\/li>\n\n<li>Nauka szycia na maszynie (dla niewtajemniczonych)<\/li>\n\n<li>Warsztaty tworzenia bi\u017cuterii z r\u00f3\u017cnych element\u00f3w (r\u00f3wnie\u017c upcycling bi\u017cuterii)<\/li>\n\n<li>Przerabianie gotowych kostium\u00f3w wedle potrzeb<\/li><\/ul><p>O\u015bwietlenie:<\/p><ul class=\"wp-block-list\"><li>Podstawowa wiedza z zakresu programowania sterownik\u00f3w o\u015bwietleniowych<\/li>\n\n<li>Praca z urz\u0105dzeniami o\u015bwietleniowymi &#8211; zastosowanie, mo\u017cliwo\u015bci i bie\u017c\u0105ca konserwacja<\/li>\n\n<li>Wp\u0142yw o\u015bwietlenia na przestrze\u0144, scenografi\u0119 i kostiumy<\/li>\n\n<li>\u015awiat\u0142o jako narz\u0119dzie ekspresji w r\u0119kach re\u017cysera.<\/li><\/ul><p>Fotografia:<\/p><ul class=\"wp-block-list\"><li>Wsparcie fotografa w tworzeniu i edycji materia\u0142\u00f3w graficznych oraz wideo<\/li>\n\n<li>Nagrywanie kr\u00f3tkich film\u00f3w promocyjnych<\/li><\/ul><p>Ponadto oferujemy:<\/p><ul class=\"wp-block-list\"><li>Mo\u017cliwo\u015b\u0107 praktyki j\u0119zyka angielskiego (praca z mi\u0119dzynarodowym zespo\u0142em artyst\u00f3w)<\/li>\n\n<li>Darmowy wst\u0119p na fina\u0142owe spektakle w dniach 28-30 lipca 2023 r.<\/li>\n\n<li>Dokument potwierdzaj\u0105cy udzia\u0142 w projekcie<\/li>\n\n<li>(dla zainteresowanych) Mo\u017cliwo\u015b\u0107 do\u0142\u0105czenia do zespo\u0142u jako pracownik (za wynagrodzeniem) w kolejnych projektach<\/li><\/ul><p><strong>ZG\u0141OSZENIA prosimy wysy\u0142a\u0107 na adres mailowy: <a href=\"mailto:info@operaacademy.eu\">info@operaacademy.eu<\/a><\/strong><\/p>","protected":false},"excerpt":{"rendered":"<p>KIM JESTE\u015aMY? Handel Opera Academy (HOA) powsta\u0142a w 2021 roku jako mi\u0119dzynarodowa inicjatywa artystyczna skupiaj\u0105ca si\u0119 na wykonawstwie muzyki barokowej, w szczeg\u00f3lno\u015bci oper z dorobku &#8230;<\/p>","protected":false},"author":3,"featured_media":0,"parent":0,"menu_order":0,"comment_status":"closed","ping_status":"closed","template":"","meta":{"_themeisle_gutenberg_block_has_review":false,"_vp_format_video_url":"","_vp_image_focal_point":[],"footnotes":""},"class_list":["post-1347","page","type-page","status-publish","hentry"],"yoast_head":"<!-- This site is optimized with the Yoast SEO plugin v27.4 - https:\/\/yoast.com\/product\/yoast-seo-wordpress\/ -->\n<title>Praktyki zawodowe - Handel Opera Academy<\/title>\n<meta name=\"robots\" content=\"index, follow, max-snippet:-1, max-image-preview:large, max-video-preview:-1\" \/>\n<link rel=\"canonical\" href=\"https:\/\/operaacademy.eu\/pl\/praktyki-zawodowe-z-handel-opera-academy\/\" \/>\n<meta property=\"og:locale\" content=\"pl_PL\" \/>\n<meta property=\"og:type\" content=\"article\" \/>\n<meta property=\"og:title\" content=\"Praktyki zawodowe - Handel Opera Academy\" \/>\n<meta property=\"og:description\" content=\"KIM JESTE\u015aMY? Handel Opera Academy (HOA) powsta\u0142a w 2021 roku jako mi\u0119dzynarodowa inicjatywa artystyczna skupiaj\u0105ca si\u0119 na wykonawstwie muzyki barokowej, w szczeg\u00f3lno\u015bci oper z dorobku ...\" \/>\n<meta property=\"og:url\" content=\"https:\/\/operaacademy.eu\/pl\/praktyki-zawodowe-z-handel-opera-academy\/\" \/>\n<meta property=\"og:site_name\" content=\"Handel Opera Academy\" \/>\n<meta property=\"article:modified_time\" content=\"2023-06-13T21:29:15+00:00\" \/>\n<meta name=\"twitter:card\" content=\"summary_large_image\" \/>\n<meta name=\"twitter:label1\" content=\"Szacowany czas czytania\" \/>\n\t<meta name=\"twitter:data1\" content=\"2 minuty\" \/>\n<script type=\"application\/ld+json\" class=\"yoast-schema-graph\">{\"@context\":\"https:\\\/\\\/schema.org\",\"@graph\":[{\"@type\":\"Article\",\"@id\":\"https:\\\/\\\/operaacademy.eu\\\/praktyki-zawodowe-z-handel-opera-academy\\\/#article\",\"isPartOf\":{\"@id\":\"https:\\\/\\\/operaacademy.eu\\\/praktyki-zawodowe-z-handel-opera-academy\\\/\"},\"author\":{\"name\":\"Konrad Przybycien\",\"@id\":\"https:\\\/\\\/operaacademy.eu\\\/#\\\/schema\\\/person\\\/ca5beb2462d2f144adac31426b72f92c\"},\"headline\":\"Praktyki zawodowe\",\"datePublished\":\"2023-06-13T21:27:03+00:00\",\"dateModified\":\"2023-06-13T21:29:15+00:00\",\"mainEntityOfPage\":{\"@id\":\"https:\\\/\\\/operaacademy.eu\\\/praktyki-zawodowe-z-handel-opera-academy\\\/\"},\"wordCount\":557,\"publisher\":{\"@id\":\"https:\\\/\\\/operaacademy.eu\\\/#organization\"},\"inLanguage\":\"pl-PL\"},{\"@type\":\"WebPage\",\"@id\":\"https:\\\/\\\/operaacademy.eu\\\/praktyki-zawodowe-z-handel-opera-academy\\\/\",\"url\":\"https:\\\/\\\/operaacademy.eu\\\/praktyki-zawodowe-z-handel-opera-academy\\\/\",\"name\":\"Praktyki zawodowe - Handel Opera Academy\",\"isPartOf\":{\"@id\":\"https:\\\/\\\/operaacademy.eu\\\/#website\"},\"datePublished\":\"2023-06-13T21:27:03+00:00\",\"dateModified\":\"2023-06-13T21:29:15+00:00\",\"breadcrumb\":{\"@id\":\"https:\\\/\\\/operaacademy.eu\\\/praktyki-zawodowe-z-handel-opera-academy\\\/#breadcrumb\"},\"inLanguage\":\"pl-PL\",\"potentialAction\":[{\"@type\":\"ReadAction\",\"target\":[\"https:\\\/\\\/operaacademy.eu\\\/praktyki-zawodowe-z-handel-opera-academy\\\/\"]}]},{\"@type\":\"BreadcrumbList\",\"@id\":\"https:\\\/\\\/operaacademy.eu\\\/praktyki-zawodowe-z-handel-opera-academy\\\/#breadcrumb\",\"itemListElement\":[{\"@type\":\"ListItem\",\"position\":1,\"name\":\"Home\",\"item\":\"https:\\\/\\\/operaacademy.eu\\\/\"},{\"@type\":\"ListItem\",\"position\":2,\"name\":\"Praktyki zawodowe\"}]},{\"@type\":\"WebSite\",\"@id\":\"https:\\\/\\\/operaacademy.eu\\\/#website\",\"url\":\"https:\\\/\\\/operaacademy.eu\\\/\",\"name\":\"Handel Opera Academy\",\"description\":\"Serse - 2025\",\"publisher\":{\"@id\":\"https:\\\/\\\/operaacademy.eu\\\/#organization\"},\"potentialAction\":[{\"@type\":\"SearchAction\",\"target\":{\"@type\":\"EntryPoint\",\"urlTemplate\":\"https:\\\/\\\/operaacademy.eu\\\/?s={search_term_string}\"},\"query-input\":{\"@type\":\"PropertyValueSpecification\",\"valueRequired\":true,\"valueName\":\"search_term_string\"}}],\"inLanguage\":\"pl-PL\"},{\"@type\":\"Organization\",\"@id\":\"https:\\\/\\\/operaacademy.eu\\\/#organization\",\"name\":\"Handel Opera Academy\",\"url\":\"https:\\\/\\\/operaacademy.eu\\\/\",\"logo\":{\"@type\":\"ImageObject\",\"inLanguage\":\"pl-PL\",\"@id\":\"https:\\\/\\\/operaacademy.eu\\\/#\\\/schema\\\/logo\\\/image\\\/\",\"url\":\"https:\\\/\\\/operaacademy.eu\\\/wp-content\\\/uploads\\\/2021\\\/12\\\/logo.png\",\"contentUrl\":\"https:\\\/\\\/operaacademy.eu\\\/wp-content\\\/uploads\\\/2021\\\/12\\\/logo.png\",\"width\":10321,\"height\":8683,\"caption\":\"Handel Opera Academy\"},\"image\":{\"@id\":\"https:\\\/\\\/operaacademy.eu\\\/#\\\/schema\\\/logo\\\/image\\\/\"}},{\"@type\":\"Person\",\"@id\":\"https:\\\/\\\/operaacademy.eu\\\/#\\\/schema\\\/person\\\/ca5beb2462d2f144adac31426b72f92c\",\"name\":\"Konrad Przybycien\",\"image\":{\"@type\":\"ImageObject\",\"inLanguage\":\"pl-PL\",\"@id\":\"https:\\\/\\\/secure.gravatar.com\\\/avatar\\\/0befb8bb6a72020c450d356878012702f0252156c9d88ae549bc0d2fd4011b66?s=96&d=mm&r=g\",\"url\":\"https:\\\/\\\/secure.gravatar.com\\\/avatar\\\/0befb8bb6a72020c450d356878012702f0252156c9d88ae549bc0d2fd4011b66?s=96&d=mm&r=g\",\"contentUrl\":\"https:\\\/\\\/secure.gravatar.com\\\/avatar\\\/0befb8bb6a72020c450d356878012702f0252156c9d88ae549bc0d2fd4011b66?s=96&d=mm&r=g\",\"caption\":\"Konrad Przybycien\"},\"url\":\"https:\\\/\\\/operaacademy.eu\\\/pl\\\/author\\\/konrad\\\/\"}]}<\/script>\n<!-- \/ Yoast SEO plugin. -->","yoast_head_json":{"title":"Praktyki zawodowe - Handel Opera Academy","robots":{"index":"index","follow":"follow","max-snippet":"max-snippet:-1","max-image-preview":"max-image-preview:large","max-video-preview":"max-video-preview:-1"},"canonical":"https:\/\/operaacademy.eu\/pl\/praktyki-zawodowe-z-handel-opera-academy\/","og_locale":"pl_PL","og_type":"article","og_title":"Praktyki zawodowe - Handel Opera Academy","og_description":"KIM JESTE\u015aMY? Handel Opera Academy (HOA) powsta\u0142a w 2021 roku jako mi\u0119dzynarodowa inicjatywa artystyczna skupiaj\u0105ca si\u0119 na wykonawstwie muzyki barokowej, w szczeg\u00f3lno\u015bci oper z dorobku ...","og_url":"https:\/\/operaacademy.eu\/pl\/praktyki-zawodowe-z-handel-opera-academy\/","og_site_name":"Handel Opera Academy","article_modified_time":"2023-06-13T21:29:15+00:00","twitter_card":"summary_large_image","twitter_misc":{"Szacowany czas czytania":"2 minuty"},"schema":{"@context":"https:\/\/schema.org","@graph":[{"@type":"Article","@id":"https:\/\/operaacademy.eu\/praktyki-zawodowe-z-handel-opera-academy\/#article","isPartOf":{"@id":"https:\/\/operaacademy.eu\/praktyki-zawodowe-z-handel-opera-academy\/"},"author":{"name":"Konrad Przybycien","@id":"https:\/\/operaacademy.eu\/#\/schema\/person\/ca5beb2462d2f144adac31426b72f92c"},"headline":"Praktyki zawodowe","datePublished":"2023-06-13T21:27:03+00:00","dateModified":"2023-06-13T21:29:15+00:00","mainEntityOfPage":{"@id":"https:\/\/operaacademy.eu\/praktyki-zawodowe-z-handel-opera-academy\/"},"wordCount":557,"publisher":{"@id":"https:\/\/operaacademy.eu\/#organization"},"inLanguage":"pl-PL"},{"@type":"WebPage","@id":"https:\/\/operaacademy.eu\/praktyki-zawodowe-z-handel-opera-academy\/","url":"https:\/\/operaacademy.eu\/praktyki-zawodowe-z-handel-opera-academy\/","name":"Praktyki zawodowe - Handel Opera Academy","isPartOf":{"@id":"https:\/\/operaacademy.eu\/#website"},"datePublished":"2023-06-13T21:27:03+00:00","dateModified":"2023-06-13T21:29:15+00:00","breadcrumb":{"@id":"https:\/\/operaacademy.eu\/praktyki-zawodowe-z-handel-opera-academy\/#breadcrumb"},"inLanguage":"pl-PL","potentialAction":[{"@type":"ReadAction","target":["https:\/\/operaacademy.eu\/praktyki-zawodowe-z-handel-opera-academy\/"]}]},{"@type":"BreadcrumbList","@id":"https:\/\/operaacademy.eu\/praktyki-zawodowe-z-handel-opera-academy\/#breadcrumb","itemListElement":[{"@type":"ListItem","position":1,"name":"Home","item":"https:\/\/operaacademy.eu\/"},{"@type":"ListItem","position":2,"name":"Praktyki zawodowe"}]},{"@type":"WebSite","@id":"https:\/\/operaacademy.eu\/#website","url":"https:\/\/operaacademy.eu\/","name":"Handel Opera Academy","description":"Serse - 2025","publisher":{"@id":"https:\/\/operaacademy.eu\/#organization"},"potentialAction":[{"@type":"SearchAction","target":{"@type":"EntryPoint","urlTemplate":"https:\/\/operaacademy.eu\/?s={search_term_string}"},"query-input":{"@type":"PropertyValueSpecification","valueRequired":true,"valueName":"search_term_string"}}],"inLanguage":"pl-PL"},{"@type":"Organization","@id":"https:\/\/operaacademy.eu\/#organization","name":"Handel Opera Academy","url":"https:\/\/operaacademy.eu\/","logo":{"@type":"ImageObject","inLanguage":"pl-PL","@id":"https:\/\/operaacademy.eu\/#\/schema\/logo\/image\/","url":"https:\/\/operaacademy.eu\/wp-content\/uploads\/2021\/12\/logo.png","contentUrl":"https:\/\/operaacademy.eu\/wp-content\/uploads\/2021\/12\/logo.png","width":10321,"height":8683,"caption":"Handel Opera Academy"},"image":{"@id":"https:\/\/operaacademy.eu\/#\/schema\/logo\/image\/"}},{"@type":"Person","@id":"https:\/\/operaacademy.eu\/#\/schema\/person\/ca5beb2462d2f144adac31426b72f92c","name":"Konrad Przybycien","image":{"@type":"ImageObject","inLanguage":"pl-PL","@id":"https:\/\/secure.gravatar.com\/avatar\/0befb8bb6a72020c450d356878012702f0252156c9d88ae549bc0d2fd4011b66?s=96&d=mm&r=g","url":"https:\/\/secure.gravatar.com\/avatar\/0befb8bb6a72020c450d356878012702f0252156c9d88ae549bc0d2fd4011b66?s=96&d=mm&r=g","contentUrl":"https:\/\/secure.gravatar.com\/avatar\/0befb8bb6a72020c450d356878012702f0252156c9d88ae549bc0d2fd4011b66?s=96&d=mm&r=g","caption":"Konrad Przybycien"},"url":"https:\/\/operaacademy.eu\/pl\/author\/konrad\/"}]}},"_links":{"self":[{"href":"https:\/\/operaacademy.eu\/pl\/wp-json\/wp\/v2\/pages\/1347","targetHints":{"allow":["GET"]}}],"collection":[{"href":"https:\/\/operaacademy.eu\/pl\/wp-json\/wp\/v2\/pages"}],"about":[{"href":"https:\/\/operaacademy.eu\/pl\/wp-json\/wp\/v2\/types\/page"}],"author":[{"embeddable":true,"href":"https:\/\/operaacademy.eu\/pl\/wp-json\/wp\/v2\/users\/3"}],"replies":[{"embeddable":true,"href":"https:\/\/operaacademy.eu\/pl\/wp-json\/wp\/v2\/comments?post=1347"}],"version-history":[{"count":3,"href":"https:\/\/operaacademy.eu\/pl\/wp-json\/wp\/v2\/pages\/1347\/revisions"}],"predecessor-version":[{"id":1350,"href":"https:\/\/operaacademy.eu\/pl\/wp-json\/wp\/v2\/pages\/1347\/revisions\/1350"}],"wp:attachment":[{"href":"https:\/\/operaacademy.eu\/pl\/wp-json\/wp\/v2\/media?parent=1347"}],"curies":[{"name":"wp","href":"https:\/\/api.w.org\/{rel}","templated":true}]}}