{"id":17,"date":"2021-12-08T15:29:52","date_gmt":"2021-12-08T15:29:52","guid":{"rendered":"https:\/\/operaacademy.eu\/?page_id=17"},"modified":"2024-09-22T22:38:58","modified_gmt":"2024-09-22T22:38:58","slug":"home","status":"publish","type":"page","link":"https:\/\/operaacademy.eu\/pl\/","title":{"rendered":"Strona g\u0142\u00f3wna"},"content":{"rendered":"<div class=\"wp-block-columns is-layout-flex wp-container-core-columns-is-layout-9d6595d7 wp-block-columns-is-layout-flex\"><div class=\"wp-block-column is-layout-flow wp-block-column-is-layout-flow\"><figure class=\"wp-block-image size-large\"><img loading=\"lazy\" decoding=\"async\" width=\"683\" height=\"1024\" src=\"https:\/\/operaacademy.eu\/wp-content\/uploads\/2021\/12\/img3-683x1024.jpeg\" alt=\"\" class=\"wp-image-225\" srcset=\"https:\/\/operaacademy.eu\/wp-content\/uploads\/2021\/12\/img3-683x1024.jpeg 683w, https:\/\/operaacademy.eu\/wp-content\/uploads\/2021\/12\/img3-200x300.jpeg 200w, https:\/\/operaacademy.eu\/wp-content\/uploads\/2021\/12\/img3-768x1152.jpeg 768w, https:\/\/operaacademy.eu\/wp-content\/uploads\/2021\/12\/img3-1024x1536.jpeg 1024w, https:\/\/operaacademy.eu\/wp-content\/uploads\/2021\/12\/img3-1365x2048.jpeg 1365w, https:\/\/operaacademy.eu\/wp-content\/uploads\/2021\/12\/img3-scaled.jpeg 1707w\" sizes=\"auto, (max-width: 683px) 100vw, 683px\" \/><\/figure>\n\n<p class=\"has-text-align-center\"><strong>Location<\/strong>&nbsp;<\/p>\n\n<p>The small town of Tarnowskie G\u00f3ry at the heart of Polish Silesia is the home of the Handel Opera Academy. Tarnog\u00f3rskie Centrum Kultury (Tarnowskie G\u00f3ry Culture Centre) is a fully equipped space&nbsp;<\/p>\n\n<p>perfect for all the needs of an opera company, including modern state of the art theatre and practice rooms, all in close proximity to cafes and restaurants.&nbsp;&nbsp;<\/p><\/div>\n\n<div class=\"wp-block-column is-layout-flow wp-block-column-is-layout-flow\"><figure class=\"wp-block-image size-large\"><img loading=\"lazy\" decoding=\"async\" width=\"683\" height=\"1024\" src=\"https:\/\/operaacademy.eu\/wp-content\/uploads\/2021\/12\/img13-683x1024.jpeg\" alt=\"\" class=\"wp-image-239\" srcset=\"https:\/\/operaacademy.eu\/wp-content\/uploads\/2021\/12\/img13-683x1024.jpeg 683w, https:\/\/operaacademy.eu\/wp-content\/uploads\/2021\/12\/img13-200x300.jpeg 200w, https:\/\/operaacademy.eu\/wp-content\/uploads\/2021\/12\/img13-768x1152.jpeg 768w, https:\/\/operaacademy.eu\/wp-content\/uploads\/2021\/12\/img13-1024x1536.jpeg 1024w, https:\/\/operaacademy.eu\/wp-content\/uploads\/2021\/12\/img13-1365x2048.jpeg 1365w, https:\/\/operaacademy.eu\/wp-content\/uploads\/2021\/12\/img13-scaled.jpeg 1707w\" sizes=\"auto, (max-width: 683px) 100vw, 683px\" \/><\/figure>\n\n<p class=\"has-text-align-center\"><strong>Academy<\/strong>&nbsp;<\/p>\n\n<p>Work with some of the best professionals in the field of early music. Spend a full month working in an opera production project with singing, instrumental and acting coaching sessions, language and ornamentation workshops, musical guidance, personal lessons, recordings and a performance. An amazing experience in a friendly atmosphere, tailor-made for you.&nbsp;&nbsp;<\/p><\/div>\n\n<div class=\"wp-block-column is-layout-flow wp-block-column-is-layout-flow\"><figure class=\"wp-block-image size-large\"><img loading=\"lazy\" decoding=\"async\" width=\"683\" height=\"1024\" src=\"https:\/\/operaacademy.eu\/wp-content\/uploads\/2021\/12\/img14-683x1024.jpeg\" alt=\"\" class=\"wp-image-240\" srcset=\"https:\/\/operaacademy.eu\/wp-content\/uploads\/2021\/12\/img14-683x1024.jpeg 683w, https:\/\/operaacademy.eu\/wp-content\/uploads\/2021\/12\/img14-200x300.jpeg 200w, https:\/\/operaacademy.eu\/wp-content\/uploads\/2021\/12\/img14-768x1152.jpeg 768w, https:\/\/operaacademy.eu\/wp-content\/uploads\/2021\/12\/img14-1024x1536.jpeg 1024w, https:\/\/operaacademy.eu\/wp-content\/uploads\/2021\/12\/img14-1365x2048.jpeg 1365w, https:\/\/operaacademy.eu\/wp-content\/uploads\/2021\/12\/img14-scaled.jpeg 1707w\" sizes=\"auto, (max-width: 683px) 100vw, 683px\" \/><\/figure>\n\n<p class=\"has-text-align-center\"><strong>Alcina<\/strong>&nbsp;<\/p>\n\n<p>Join us in the staging of Handel\u2019s most magical opera! Application is now open for all roles. You will work with a baroque orchestra and the best professionals in the field, including a star-contralto Sonia Prina. Sing under the baton of Enrique Gomez-Cabrero Fernandez and work with Szymon Komarnicki as the stage director. Together with Tarnog\u00f3rskie Centrum Kultury we invite you to apply and be part of this unforgettable project.<\/p><\/div><\/div><p class=\"has-text-align-center has-larger-font-size\"><\/p><hr class=\"wp-block-separator has-css-opacity\"\/><h1 class=\"wp-block-heading has-text-align-center\"><\/h1><div class=\"wp-block-group\"><div class=\"wp-block-group__inner-container is-layout-flow wp-block-group-is-layout-flow\"><div class=\"wp-block-columns is-layout-flex wp-container-core-columns-is-layout-9d6595d7 wp-block-columns-is-layout-flex\"><div class=\"wp-block-column is-layout-flow wp-block-column-is-layout-flow\"><figure class=\"wp-block-image size-large is-style-rounded\"><a href=\"https:\/\/operaacademy.eu\/pl\/about\/enrique-gomez-cabrero-fernandez-conductor\/\"><img loading=\"lazy\" decoding=\"async\" width=\"1024\" height=\"683\" src=\"https:\/\/operaacademy.eu\/wp-content\/uploads\/2021\/12\/enrique-1024x683.jpeg\" alt=\"\" class=\"wp-image-187\" srcset=\"https:\/\/operaacademy.eu\/wp-content\/uploads\/2021\/12\/enrique-1024x683.jpeg 1024w, https:\/\/operaacademy.eu\/wp-content\/uploads\/2021\/12\/enrique-300x200.jpeg 300w, https:\/\/operaacademy.eu\/wp-content\/uploads\/2021\/12\/enrique-768x512.jpeg 768w, https:\/\/operaacademy.eu\/wp-content\/uploads\/2021\/12\/enrique-1536x1024.jpeg 1536w, https:\/\/operaacademy.eu\/wp-content\/uploads\/2021\/12\/enrique-2048x1365.jpeg 2048w, https:\/\/operaacademy.eu\/wp-content\/uploads\/2021\/12\/enrique-450x300.jpeg 450w\" sizes=\"auto, (max-width: 1024px) 100vw, 1024px\" \/><\/a><\/figure>\n\n<p class=\"has-text-align-center\"><a href=\"https:\/\/operaacademy.eu\/pl\/about\/enrique-gomez-cabrero-fernandez-conductor\/\" data-type=\"page\" data-id=\"182\"><strong>Enrique Gomez-Cabrero Fernandez<\/strong><br>Conductor<\/a><\/p>\n\n<figure class=\"wp-block-image size-large is-style-rounded\"><a href=\"https:\/\/operaacademy.eu\/pl\/about\/roberto-jachini-virgili\/\"><img loading=\"lazy\" decoding=\"async\" width=\"1024\" height=\"683\" src=\"https:\/\/operaacademy.eu\/wp-content\/uploads\/2021\/12\/roberto-1024x683.jpeg\" alt=\"\" class=\"wp-image-203\" srcset=\"https:\/\/operaacademy.eu\/wp-content\/uploads\/2021\/12\/roberto-1024x683.jpeg 1024w, https:\/\/operaacademy.eu\/wp-content\/uploads\/2021\/12\/roberto-300x200.jpeg 300w, https:\/\/operaacademy.eu\/wp-content\/uploads\/2021\/12\/roberto-768x512.jpeg 768w, https:\/\/operaacademy.eu\/wp-content\/uploads\/2021\/12\/roberto-1536x1024.jpeg 1536w, https:\/\/operaacademy.eu\/wp-content\/uploads\/2021\/12\/roberto-2048x1365.jpeg 2048w, https:\/\/operaacademy.eu\/wp-content\/uploads\/2021\/12\/roberto-450x300.jpeg 450w\" sizes=\"auto, (max-width: 1024px) 100vw, 1024px\" \/><\/a><\/figure>\n\n<p class=\"has-text-align-center\"><a href=\"https:\/\/operaacademy.eu\/pl\/about\/roberto-jachini-virgili\/\" data-type=\"page\" data-id=\"202\"><strong>Roberto Jachini Virgili<\/strong><br>Vocal, language and performance coach<\/a><\/p><\/div>\n\n<div class=\"wp-block-column is-layout-flow wp-block-column-is-layout-flow\"><div class=\"wp-block-image is-style-rounded\"><figure class=\"aligncenter size-full is-resized\"><img loading=\"lazy\" decoding=\"async\" src=\"https:\/\/operaacademy.eu\/wp-content\/uploads\/2021\/12\/2.jpg\" alt=\"\" class=\"wp-image-86\" width=\"294\" height=\"294\" srcset=\"https:\/\/operaacademy.eu\/wp-content\/uploads\/2021\/12\/2.jpg 400w, https:\/\/operaacademy.eu\/wp-content\/uploads\/2021\/12\/2-300x300.jpg 300w, https:\/\/operaacademy.eu\/wp-content\/uploads\/2021\/12\/2-150x150.jpg 150w\" sizes=\"auto, (max-width: 294px) 100vw, 294px\" \/><\/figure><\/div>\n\n<p class=\"has-text-align-center\"><strong>Sonia Prina<\/strong><br>Vocal coach<\/p>\n\n<figure class=\"wp-block-image size-large\"><img loading=\"lazy\" decoding=\"async\" width=\"1024\" height=\"861\" src=\"https:\/\/operaacademy.eu\/wp-content\/uploads\/2021\/12\/logo-1024x861.png\" alt=\"\" class=\"wp-image-257\" srcset=\"https:\/\/operaacademy.eu\/wp-content\/uploads\/2021\/12\/logo-1024x861.png 1024w, https:\/\/operaacademy.eu\/wp-content\/uploads\/2021\/12\/logo-300x252.png 300w, https:\/\/operaacademy.eu\/wp-content\/uploads\/2021\/12\/logo-768x646.png 768w, https:\/\/operaacademy.eu\/wp-content\/uploads\/2021\/12\/logo-357x300.png 357w\" sizes=\"auto, (max-width: 1024px) 100vw, 1024px\" \/><\/figure>\n\n<p><\/p><\/div>\n\n<div class=\"wp-block-column is-layout-flow wp-block-column-is-layout-flow\"><figure class=\"wp-block-image size-large is-style-rounded\"><a href=\"https:\/\/operaacademy.eu\/pl\/about\/szymon-komarnicki\/\"><img loading=\"lazy\" decoding=\"async\" width=\"1024\" height=\"701\" src=\"https:\/\/operaacademy.eu\/wp-content\/uploads\/2021\/12\/szymon-1-scaled-e1640136397623-1024x701.jpeg\" alt=\"\" class=\"wp-image-241\" srcset=\"https:\/\/operaacademy.eu\/wp-content\/uploads\/2021\/12\/szymon-1-scaled-e1640136397623-1024x701.jpeg 1024w, https:\/\/operaacademy.eu\/wp-content\/uploads\/2021\/12\/szymon-1-scaled-e1640136397623-300x205.jpeg 300w, https:\/\/operaacademy.eu\/wp-content\/uploads\/2021\/12\/szymon-1-scaled-e1640136397623-768x526.jpeg 768w, https:\/\/operaacademy.eu\/wp-content\/uploads\/2021\/12\/szymon-1-scaled-e1640136397623-1536x1052.jpeg 1536w, https:\/\/operaacademy.eu\/wp-content\/uploads\/2021\/12\/szymon-1-scaled-e1640136397623-438x300.jpeg 438w, https:\/\/operaacademy.eu\/wp-content\/uploads\/2021\/12\/szymon-1-scaled-e1640136397623.jpeg 2048w\" sizes=\"auto, (max-width: 1024px) 100vw, 1024px\" \/><\/a><\/figure>\n\n<p class=\"has-text-align-center\"><a href=\"https:\/\/operaacademy.eu\/pl\/about\/szymon-komarnicki\/\" data-type=\"page\" data-id=\"190\"><strong>Szymon Komarnicki<\/strong><br>Stage Director<\/a><\/p>\n\n<p class=\"has-text-align-center\"><\/p>\n\n<figure class=\"wp-block-image size-large is-style-rounded\"><a href=\"https:\/\/operaacademy.eu\/pl\/about\/elvire-beekhuizen\/\"><img loading=\"lazy\" decoding=\"async\" width=\"1024\" height=\"683\" src=\"https:\/\/operaacademy.eu\/wp-content\/uploads\/2021\/12\/elvire-1024x683.jpeg\" alt=\"\" class=\"wp-image-196\" srcset=\"https:\/\/operaacademy.eu\/wp-content\/uploads\/2021\/12\/elvire-1024x683.jpeg 1024w, https:\/\/operaacademy.eu\/wp-content\/uploads\/2021\/12\/elvire-300x200.jpeg 300w, https:\/\/operaacademy.eu\/wp-content\/uploads\/2021\/12\/elvire-768x512.jpeg 768w, https:\/\/operaacademy.eu\/wp-content\/uploads\/2021\/12\/elvire-1536x1024.jpeg 1536w, https:\/\/operaacademy.eu\/wp-content\/uploads\/2021\/12\/elvire-2048x1365.jpeg 2048w, https:\/\/operaacademy.eu\/wp-content\/uploads\/2021\/12\/elvire-450x300.jpeg 450w\" sizes=\"auto, (max-width: 1024px) 100vw, 1024px\" \/><\/a><\/figure>\n\n<p class=\"has-text-align-center\"><a href=\"https:\/\/operaacademy.eu\/pl\/about\/elvire-beekhuizen\/\" data-type=\"page\" data-id=\"195\"><strong>Elvire Beekhuizen<\/strong><br>Vocal, stage and performance coach<\/a><\/p><\/div><\/div><\/div><\/div><p><\/p>","protected":false},"excerpt":{"rendered":"<p>Location&nbsp; The small town of Tarnowskie G\u00f3ry at the heart of Polish Silesia is the home of the Handel Opera Academy. Tarnog\u00f3rskie Centrum Kultury (Tarnowskie &#8230;<\/p>","protected":false},"author":1,"featured_media":0,"parent":0,"menu_order":0,"comment_status":"closed","ping_status":"closed","template":"","meta":{"_themeisle_gutenberg_block_has_review":false,"_vp_format_video_url":"","_vp_image_focal_point":[],"footnotes":""},"class_list":["post-17","page","type-page","status-publish","hentry"],"yoast_head":"<!-- This site is optimized with the Yoast SEO plugin v27.4 - https:\/\/yoast.com\/product\/yoast-seo-wordpress\/ -->\n<title>Home - Handel Opera Academy<\/title>\n<meta name=\"description\" content=\"Join the Handel Opera Academy.\" \/>\n<meta name=\"robots\" content=\"index, follow, max-snippet:-1, max-image-preview:large, max-video-preview:-1\" \/>\n<link rel=\"canonical\" href=\"https:\/\/operaacademy.eu\/pl\/\" \/>\n<meta property=\"og:locale\" content=\"pl_PL\" \/>\n<meta property=\"og:type\" content=\"article\" \/>\n<meta property=\"og:title\" content=\"Home - Handel Opera Academy\" \/>\n<meta property=\"og:description\" content=\"Join the Handel Opera Academy.\" \/>\n<meta property=\"og:url\" content=\"https:\/\/operaacademy.eu\/pl\/\" \/>\n<meta property=\"og:site_name\" content=\"Handel Opera Academy\" \/>\n<meta property=\"article:modified_time\" content=\"2024-09-22T22:38:58+00:00\" \/>\n<meta property=\"og:image\" content=\"https:\/\/operaacademy.eu\/wp-content\/uploads\/2021\/12\/img3-683x1024.jpeg\" \/>\n<meta name=\"twitter:card\" content=\"summary_large_image\" \/>\n<meta name=\"twitter:label1\" content=\"Szacowany czas czytania\" \/>\n\t<meta name=\"twitter:data1\" content=\"3 minuty\" \/>\n<script type=\"application\/ld+json\" class=\"yoast-schema-graph\">{\"@context\":\"https:\\\/\\\/schema.org\",\"@graph\":[{\"@type\":\"WebPage\",\"@id\":\"https:\\\/\\\/operaacademy.eu\\\/\",\"url\":\"https:\\\/\\\/operaacademy.eu\\\/\",\"name\":\"Home - Handel Opera Academy\",\"isPartOf\":{\"@id\":\"https:\\\/\\\/operaacademy.eu\\\/#website\"},\"primaryImageOfPage\":{\"@id\":\"https:\\\/\\\/operaacademy.eu\\\/#primaryimage\"},\"image\":{\"@id\":\"https:\\\/\\\/operaacademy.eu\\\/#primaryimage\"},\"thumbnailUrl\":\"https:\\\/\\\/operaacademy.eu\\\/wp-content\\\/uploads\\\/2021\\\/12\\\/img3-683x1024.jpeg\",\"datePublished\":\"2021-12-08T15:29:52+00:00\",\"dateModified\":\"2024-09-22T22:38:58+00:00\",\"description\":\"Join the Handel Opera Academy.\",\"breadcrumb\":{\"@id\":\"https:\\\/\\\/operaacademy.eu\\\/#breadcrumb\"},\"inLanguage\":\"pl-PL\",\"potentialAction\":[{\"@type\":\"ReadAction\",\"target\":[\"https:\\\/\\\/operaacademy.eu\\\/\"]}]},{\"@type\":\"ImageObject\",\"inLanguage\":\"pl-PL\",\"@id\":\"https:\\\/\\\/operaacademy.eu\\\/#primaryimage\",\"url\":\"https:\\\/\\\/operaacademy.eu\\\/wp-content\\\/uploads\\\/2021\\\/12\\\/img3-683x1024.jpeg\",\"contentUrl\":\"https:\\\/\\\/operaacademy.eu\\\/wp-content\\\/uploads\\\/2021\\\/12\\\/img3-683x1024.jpeg\"},{\"@type\":\"BreadcrumbList\",\"@id\":\"https:\\\/\\\/operaacademy.eu\\\/#breadcrumb\",\"itemListElement\":[{\"@type\":\"ListItem\",\"position\":1,\"name\":\"Home\",\"item\":\"https:\\\/\\\/operaacademy.eu\\\/\"},{\"@type\":\"ListItem\",\"position\":2,\"name\":\"Home\"}]},{\"@type\":\"WebSite\",\"@id\":\"https:\\\/\\\/operaacademy.eu\\\/#website\",\"url\":\"https:\\\/\\\/operaacademy.eu\\\/\",\"name\":\"Handel Opera Academy\",\"description\":\"Serse - 2025\",\"publisher\":{\"@id\":\"https:\\\/\\\/operaacademy.eu\\\/#organization\"},\"potentialAction\":[{\"@type\":\"SearchAction\",\"target\":{\"@type\":\"EntryPoint\",\"urlTemplate\":\"https:\\\/\\\/operaacademy.eu\\\/?s={search_term_string}\"},\"query-input\":{\"@type\":\"PropertyValueSpecification\",\"valueRequired\":true,\"valueName\":\"search_term_string\"}}],\"inLanguage\":\"pl-PL\"},{\"@type\":\"Organization\",\"@id\":\"https:\\\/\\\/operaacademy.eu\\\/#organization\",\"name\":\"Handel Opera Academy\",\"url\":\"https:\\\/\\\/operaacademy.eu\\\/\",\"logo\":{\"@type\":\"ImageObject\",\"inLanguage\":\"pl-PL\",\"@id\":\"https:\\\/\\\/operaacademy.eu\\\/#\\\/schema\\\/logo\\\/image\\\/\",\"url\":\"https:\\\/\\\/operaacademy.eu\\\/wp-content\\\/uploads\\\/2021\\\/12\\\/logo.png\",\"contentUrl\":\"https:\\\/\\\/operaacademy.eu\\\/wp-content\\\/uploads\\\/2021\\\/12\\\/logo.png\",\"width\":10321,\"height\":8683,\"caption\":\"Handel Opera Academy\"},\"image\":{\"@id\":\"https:\\\/\\\/operaacademy.eu\\\/#\\\/schema\\\/logo\\\/image\\\/\"}}]}<\/script>\n<!-- \/ Yoast SEO plugin. -->","yoast_head_json":{"title":"Home - Handel Opera Academy","description":"Join the Handel Opera Academy.","robots":{"index":"index","follow":"follow","max-snippet":"max-snippet:-1","max-image-preview":"max-image-preview:large","max-video-preview":"max-video-preview:-1"},"canonical":"https:\/\/operaacademy.eu\/pl\/","og_locale":"pl_PL","og_type":"article","og_title":"Home - Handel Opera Academy","og_description":"Join the Handel Opera Academy.","og_url":"https:\/\/operaacademy.eu\/pl\/","og_site_name":"Handel Opera Academy","article_modified_time":"2024-09-22T22:38:58+00:00","og_image":[{"url":"https:\/\/operaacademy.eu\/wp-content\/uploads\/2021\/12\/img3-683x1024.jpeg","type":"","width":"","height":""}],"twitter_card":"summary_large_image","twitter_misc":{"Szacowany czas czytania":"3 minuty"},"schema":{"@context":"https:\/\/schema.org","@graph":[{"@type":"WebPage","@id":"https:\/\/operaacademy.eu\/","url":"https:\/\/operaacademy.eu\/","name":"Home - Handel Opera Academy","isPartOf":{"@id":"https:\/\/operaacademy.eu\/#website"},"primaryImageOfPage":{"@id":"https:\/\/operaacademy.eu\/#primaryimage"},"image":{"@id":"https:\/\/operaacademy.eu\/#primaryimage"},"thumbnailUrl":"https:\/\/operaacademy.eu\/wp-content\/uploads\/2021\/12\/img3-683x1024.jpeg","datePublished":"2021-12-08T15:29:52+00:00","dateModified":"2024-09-22T22:38:58+00:00","description":"Join the Handel Opera Academy.","breadcrumb":{"@id":"https:\/\/operaacademy.eu\/#breadcrumb"},"inLanguage":"pl-PL","potentialAction":[{"@type":"ReadAction","target":["https:\/\/operaacademy.eu\/"]}]},{"@type":"ImageObject","inLanguage":"pl-PL","@id":"https:\/\/operaacademy.eu\/#primaryimage","url":"https:\/\/operaacademy.eu\/wp-content\/uploads\/2021\/12\/img3-683x1024.jpeg","contentUrl":"https:\/\/operaacademy.eu\/wp-content\/uploads\/2021\/12\/img3-683x1024.jpeg"},{"@type":"BreadcrumbList","@id":"https:\/\/operaacademy.eu\/#breadcrumb","itemListElement":[{"@type":"ListItem","position":1,"name":"Home","item":"https:\/\/operaacademy.eu\/"},{"@type":"ListItem","position":2,"name":"Home"}]},{"@type":"WebSite","@id":"https:\/\/operaacademy.eu\/#website","url":"https:\/\/operaacademy.eu\/","name":"Handel Opera Academy","description":"Serse - 2025","publisher":{"@id":"https:\/\/operaacademy.eu\/#organization"},"potentialAction":[{"@type":"SearchAction","target":{"@type":"EntryPoint","urlTemplate":"https:\/\/operaacademy.eu\/?s={search_term_string}"},"query-input":{"@type":"PropertyValueSpecification","valueRequired":true,"valueName":"search_term_string"}}],"inLanguage":"pl-PL"},{"@type":"Organization","@id":"https:\/\/operaacademy.eu\/#organization","name":"Handel Opera Academy","url":"https:\/\/operaacademy.eu\/","logo":{"@type":"ImageObject","inLanguage":"pl-PL","@id":"https:\/\/operaacademy.eu\/#\/schema\/logo\/image\/","url":"https:\/\/operaacademy.eu\/wp-content\/uploads\/2021\/12\/logo.png","contentUrl":"https:\/\/operaacademy.eu\/wp-content\/uploads\/2021\/12\/logo.png","width":10321,"height":8683,"caption":"Handel Opera Academy"},"image":{"@id":"https:\/\/operaacademy.eu\/#\/schema\/logo\/image\/"}}]}},"_links":{"self":[{"href":"https:\/\/operaacademy.eu\/pl\/wp-json\/wp\/v2\/pages\/17","targetHints":{"allow":["GET"]}}],"collection":[{"href":"https:\/\/operaacademy.eu\/pl\/wp-json\/wp\/v2\/pages"}],"about":[{"href":"https:\/\/operaacademy.eu\/pl\/wp-json\/wp\/v2\/types\/page"}],"author":[{"embeddable":true,"href":"https:\/\/operaacademy.eu\/pl\/wp-json\/wp\/v2\/users\/1"}],"replies":[{"embeddable":true,"href":"https:\/\/operaacademy.eu\/pl\/wp-json\/wp\/v2\/comments?post=17"}],"version-history":[{"count":8,"href":"https:\/\/operaacademy.eu\/pl\/wp-json\/wp\/v2\/pages\/17\/revisions"}],"predecessor-version":[{"id":1352,"href":"https:\/\/operaacademy.eu\/pl\/wp-json\/wp\/v2\/pages\/17\/revisions\/1352"}],"wp:attachment":[{"href":"https:\/\/operaacademy.eu\/pl\/wp-json\/wp\/v2\/media?parent=17"}],"curies":[{"name":"wp","href":"https:\/\/api.w.org\/{rel}","templated":true}]}}