{"id":1822,"date":"2025-01-05T23:23:18","date_gmt":"2025-01-05T23:23:18","guid":{"rendered":"https:\/\/operaacademy.eu\/?page_id=1822"},"modified":"2025-01-23T11:23:41","modified_gmt":"2025-01-23T11:23:41","slug":"singers-2025","status":"publish","type":"page","link":"https:\/\/operaacademy.eu\/pl\/singers-2025\/","title":{"rendered":"Singers"},"content":{"rendered":"<div class=\"wp-block-columns is-layout-flex wp-container-core-columns-is-layout-9d6595d7 wp-block-columns-is-layout-flex\"><div class=\"wp-block-column is-vertically-aligned-top is-layout-flow wp-block-column-is-layout-flow\" style=\"flex-basis:100%\"><div class=\"wp-block-group\"><div class=\"wp-block-group__inner-container is-layout-flow wp-block-group-is-layout-flow\"><div class=\"wp-block-group\"><div class=\"wp-block-group__inner-container is-layout-flow wp-block-group-is-layout-flow\"><h2 class=\"wp-block-heading\" id=\"giulio-cesarejuly-1st-july-31st-2022\">Serse<br>July 5 &#8211; August 3, 2025<\/h2><\/div><\/div>\n\n<div class=\"wp-block-columns is-layout-flex wp-container-core-columns-is-layout-9d6595d7 wp-block-columns-is-layout-flex\"><div class=\"wp-block-column is-layout-flow wp-block-column-is-layout-flow\" style=\"flex-basis:66.66%\"><p>Join us in the staging of Handel\u2019s most popular opera! Application is now open for all roles. You will work with a baroque orchestra and the best professionals in the field, including a star-contralto Sonia Prina. Sing under the baton of Enrique Gomez-Cabrero Fernandez and work with Bo\u017cena Bujnicka as the stage director. Together with M\u0142odzie\u017cowy Dom Kultury in Boles\u0142awiec, we invite you to apply and be part of this unforgettable project.<\/p><\/div>\n\n<div class=\"wp-block-column is-layout-flow wp-block-column-is-layout-flow\" style=\"flex-basis:33.33%\"><div class=\"wp-block-image\"><figure class=\"aligncenter size-large\"><img loading=\"lazy\" decoding=\"async\" width=\"768\" height=\"1024\" src=\"https:\/\/operaacademy.eu\/wp-content\/uploads\/2024\/11\/Poster_serse_full-768x1024.jpg\" alt=\"\" class=\"wp-image-1870\" srcset=\"https:\/\/operaacademy.eu\/wp-content\/uploads\/2024\/11\/Poster_serse_full-768x1023.jpg 768w, https:\/\/operaacademy.eu\/wp-content\/uploads\/2024\/11\/Poster_serse_full-225x300.jpg 225w, https:\/\/operaacademy.eu\/wp-content\/uploads\/2024\/11\/Poster_serse_full-9x12.jpg 9w, https:\/\/operaacademy.eu\/wp-content\/uploads\/2024\/11\/Poster_serse_full-500x666.jpg 500w, https:\/\/operaacademy.eu\/wp-content\/uploads\/2024\/11\/Poster_serse_full-800x1066.jpg 800w, https:\/\/operaacademy.eu\/wp-content\/uploads\/2024\/11\/Poster_serse_full-600x800.jpg 600w, https:\/\/operaacademy.eu\/wp-content\/uploads\/2024\/11\/Poster_serse_full.jpg 1013w\" sizes=\"auto, (max-width: 768px) 100vw, 768px\" \/><\/figure><\/div><\/div><\/div><\/div><\/div>\n\n<h3 class=\"wp-block-heading\" id=\"auditions-and-deadlines\">Auditions and deadlines<\/h3>\n\n<p>Handel Opera Academy works on an audition basis. In order to take part in the audition you need to fill out <strong><a href=\"https:\/\/forms.gle\/VW3SsF774eH6kcHLA\" target=\"_blank\" rel=\"noreferrer noopener\">THIS FORM<\/a><\/strong>, send us a recording and pay the application fee (39 EUR).<\/p>\n\n<ul class=\"wp-block-list\"><li>The first deadline for applying is <strong>February 1<\/strong>. After that we will choose our first cast from the applications received.<\/li><\/ul>\n\n<ul class=\"wp-block-list\"><li>The second deadline is <strong>March 1. <\/strong>We will choose our second cast from all the applications received since January.<\/li><\/ul>\n\n<ul class=\"wp-block-list\"><li>The last minute deadline is <strong>April 1. <\/strong>We will fill any last remaining roles from all applications received since January.<\/li><\/ul>\n\n<p>The earlier you apply the more chances you have to get the role you want!<\/p>\n\n<p>Your audition recording should contain<strong> at least 1 piece, preferably of relevant repertoire<\/strong> that features your best qualities as a singer. We will let you know if you have been accepted, rejected or are in the waiting list no later than one month after the applicable deadline. If you are not selected, your application will remain in the pool for the next deadline, so<strong> if you apply early we will consider you again for the role you wish<\/strong> in another cast.<\/p>\n\n<p>Once you have been selected for a role you will be called to have an interview with the conductor and the management. After the interview you will receive a final confirmation of your participation in the project and will be asked to pay the tuition fee. More information about the tuition fee, installments and what is included in the tuition you can find at the bottom of this page.<\/p>\n\n<p><strong>In short:<\/strong><\/p>\n\n<ul class=\"wp-block-list\"><li>Fill out the <a href=\"https:\/\/forms.gle\/VW3SsF774eH6kcHLA\" target=\"_blank\" rel=\"noreferrer noopener\">form<\/a>.<\/li>\n\n<li>Send us a recording.<\/li>\n\n<li>Pay the application fee (39 EUR).<\/li>\n\n<li>The earlier you apply the more chances to get the role you want.<\/li><\/ul>\n\n<div class=\"wp-block-buttons is-content-justification-center is-layout-flex wp-container-core-buttons-is-layout-16018d1d wp-block-buttons-is-layout-flex\"><div class=\"wp-block-button has-custom-font-size has-large-font-size\"><a class=\"wp-block-button__link has-accent-1-background-color has-background wp-element-button\" href=\"https:\/\/forms.gle\/VW3SsF774eH6kcHLA\" style=\"border-radius:100px\" target=\"_blank\" rel=\"noreferrer noopener\"><strong>APPLY NOW<\/strong><\/a><\/div><\/div>\n\n<div style=\"height:20px\" aria-hidden=\"true\" class=\"wp-block-spacer\"><\/div>\n\n<p class=\"has-text-align-left\"><strong>Pay the application fee:<\/strong><br><\/p>\n\n<script src=\"https:\/\/www.paypal.com\/sdk\/js?client-id=BAA0vrtRhWEYH3y4H5V49B5y8zysyvVFtD6A8faT0w69niN99fzgwzFReQrxBrDFcQXFAks0uK05sEPEyI&#038;components=hosted-buttons&#038;disable-funding=venmo&#038;currency=EUR\"><\/script>\n<div id=\"paypal-container-LQWATDSP6FJUN\"><\/div>\n<script>\n  paypal.HostedButtons({\n    hostedButtonId: \"LQWATDSP6FJUN\",\n  }).render(\"#paypal-container-LQWATDSP6FJUN\")\n<\/script><\/div><\/div><div class=\"wp-block-columns is-layout-flex wp-container-core-columns-is-layout-9d6595d7 wp-block-columns-is-layout-flex\"><div class=\"wp-block-column is-vertically-aligned-center is-layout-flow wp-block-column-is-layout-flow\" style=\"flex-basis:33.33%\"><figure class=\"wp-block-image size-large\"><img loading=\"lazy\" decoding=\"async\" width=\"683\" height=\"1024\" src=\"https:\/\/operaacademy.eu\/wp-content\/uploads\/2022\/12\/IMG_9063-683x1024.jpg\" alt=\"\" class=\"wp-image-1028\" srcset=\"https:\/\/operaacademy.eu\/wp-content\/uploads\/2022\/12\/IMG_9063-683x1024.jpg 683w, https:\/\/operaacademy.eu\/wp-content\/uploads\/2022\/12\/IMG_9063-200x300.jpg 200w, https:\/\/operaacademy.eu\/wp-content\/uploads\/2022\/12\/IMG_9063-768x1152.jpg 768w, https:\/\/operaacademy.eu\/wp-content\/uploads\/2022\/12\/IMG_9063-1024x1536.jpg 1024w, https:\/\/operaacademy.eu\/wp-content\/uploads\/2022\/12\/IMG_9063-500x750.jpg 500w, https:\/\/operaacademy.eu\/wp-content\/uploads\/2022\/12\/IMG_9063-800x1200.jpg 800w, https:\/\/operaacademy.eu\/wp-content\/uploads\/2022\/12\/IMG_9063-1280x1920.jpg 1280w, https:\/\/operaacademy.eu\/wp-content\/uploads\/2022\/12\/IMG_9063.jpg 1365w\" sizes=\"auto, (max-width: 683px) 100vw, 683px\" \/><\/figure>\n\n<p><\/p><\/div>\n\n<div class=\"wp-block-column is-layout-flow wp-block-column-is-layout-flow\" style=\"flex-basis:66.66%\"><h3 class=\"wp-block-heading\" id=\"roles\">Roles<\/h3>\n\n<p>In 2025 Handel Opera Academy is casting for all roles in Handel&#8217;s <em>Serse<\/em>.<\/p>\n\n<p><strong>Serse<\/strong> \u2013 soprano \/ mezzo-soprano \/ countertenor \/ alto<\/p>\n\n<p><strong>Arsamene<\/strong> \u2013 alto \/ mezzo-soprano \/ countertenor<\/p>\n\n<p><strong>Romilda<\/strong> \u2013 soprano<\/p>\n\n<p><strong>Atlanta<\/strong> \u2013 soprano<\/p>\n\n<p><strong>Amastre<\/strong> \u2013 alto<\/p>\n\n<p><strong>Ariodate<\/strong> \u2013 bass<\/p>\n\n<p><strong>Elviro<\/strong> \u2013 bass<\/p>\n\n<p>We encourage you to apply for more than one role.<\/p><\/div><\/div><div class=\"wp-block-columns is-layout-flex wp-container-core-columns-is-layout-9d6595d7 wp-block-columns-is-layout-flex\"><div class=\"wp-block-column is-layout-flow wp-block-column-is-layout-flow\" style=\"flex-basis:66.66%\"><h3 class=\"wp-block-heading\" id=\"tuition\">Tuition<\/h3>\n\n<p>The total tuition fee for Handel Opera Academy is <strong>4950 EUR<\/strong> to be paid in three installments:<\/p>\n\n<ul class=\"wp-block-list\"><li><strong>400 EUR<\/strong> within two weeks after being accepted in order to secure your spot<\/li>\n\n<li><strong>1350 EUR<\/strong> before April 15<\/li>\n\n<li>Remaining <strong>3200 EUR<\/strong> before May 31<\/li><\/ul>\n\n<p>If at any point you decide to withdraw your already paid fees will not be reimbursed.<\/p>\n\n<p>Tuition includes:<\/p>\n\n<ul class=\"wp-block-list\"><li>Participation in a professional, <strong>fully staged baroque opera production<\/strong> with stage sets, costumes and a full baroque orchestra<\/li>\n\n<li>At least one <strong>performance <\/strong>in the role you have been chosen for<\/li>\n\n<li>Private singing and performance coaching with some of the best professionals in the field of baroque opera<\/li>\n\n<li><strong>Accommodation in the centre of Boles\u0142awiec<\/strong><\/li>\n\n<li>Acting and theatrical coaching<\/li>\n\n<li>Recitativo coaching<\/li>\n\n<li>Ornamentation coaching<\/li>\n\n<li>Italian language coaching with native speakers<\/li>\n\n<li>Movement coaching<\/li>\n\n<li>Masterclasses<\/li>\n\n<li>Professional audio recording of your performance<\/li>\n\n<li>Video recording of your performance<\/li>\n\n<li>Professional pictures and portraits<\/li><\/ul>\n\n<h3 class=\"wp-block-heading\" id=\"scholarship\">Scholarship<\/h3>\n\n<p>We can provide scholarship to cover part of the tuition fee for a limited number of participants. If you would like to apply, please mark it in your registration form. Tell us how much you are applying for and what other means of raising funds you are planning to use (for example: crowdfunding, fundraising concerts, other scholarships).<\/p>\n\n<p><\/p><\/div>\n\n<div class=\"wp-block-column is-vertically-aligned-center is-layout-flow wp-block-column-is-layout-flow\" style=\"flex-basis:33.33%\"><figure class=\"wp-block-image size-large\"><img loading=\"lazy\" decoding=\"async\" width=\"683\" height=\"1024\" src=\"https:\/\/operaacademy.eu\/wp-content\/uploads\/2022\/12\/IMG_5464-683x1024.jpg\" alt=\"\" class=\"wp-image-1112\" srcset=\"https:\/\/operaacademy.eu\/wp-content\/uploads\/2022\/12\/IMG_5464-683x1024.jpg 683w, https:\/\/operaacademy.eu\/wp-content\/uploads\/2022\/12\/IMG_5464-200x300.jpg 200w, https:\/\/operaacademy.eu\/wp-content\/uploads\/2022\/12\/IMG_5464-768x1152.jpg 768w, https:\/\/operaacademy.eu\/wp-content\/uploads\/2022\/12\/IMG_5464-1024x1536.jpg 1024w, https:\/\/operaacademy.eu\/wp-content\/uploads\/2022\/12\/IMG_5464-500x750.jpg 500w, https:\/\/operaacademy.eu\/wp-content\/uploads\/2022\/12\/IMG_5464-800x1200.jpg 800w, https:\/\/operaacademy.eu\/wp-content\/uploads\/2022\/12\/IMG_5464-1280x1920.jpg 1280w, https:\/\/operaacademy.eu\/wp-content\/uploads\/2022\/12\/IMG_5464.jpg 1365w\" sizes=\"auto, (max-width: 683px) 100vw, 683px\" \/><\/figure><\/div><\/div><div style=\"height:30px\" aria-hidden=\"true\" class=\"wp-block-spacer\"><\/div><div class=\"wp-block-buttons is-content-justification-center is-layout-flex wp-container-core-buttons-is-layout-16018d1d wp-block-buttons-is-layout-flex\"><div class=\"wp-block-button has-custom-font-size is-style-fill has-large-font-size\"><a class=\"wp-block-button__link has-accent-1-background-color has-background has-text-align-center wp-element-button\" href=\"https:\/\/forms.gle\/VW3SsF774eH6kcHLA\" style=\"border-radius:100px\" target=\"_blank\" rel=\"noreferrer noopener\"><strong>APPLY NOW<\/strong><\/a><\/div><\/div><p><\/p>","protected":false},"excerpt":{"rendered":"<p>SerseJuly 5 &#8211; August 3, 2025 Join us in the staging of Handel\u2019s most popular opera! Application is now open for all roles. You will &#8230;<\/p>","protected":false},"author":2,"featured_media":0,"parent":0,"menu_order":0,"comment_status":"closed","ping_status":"closed","template":"","meta":{"_themeisle_gutenberg_block_has_review":false,"_vp_format_video_url":"","_vp_image_focal_point":[],"footnotes":""},"class_list":["post-1822","page","type-page","status-publish","hentry"],"yoast_head":"<!-- This site is optimized with the Yoast SEO plugin v27.3 - https:\/\/yoast.com\/product\/yoast-seo-wordpress\/ -->\n<title>Singers - Handel Opera Academy<\/title>\n<meta name=\"description\" content=\"Join the Handel Opera Academy. Registration now open for Serse - G.F. Handel - July 2025. APPLY NOW.\" \/>\n<meta name=\"robots\" content=\"index, follow, max-snippet:-1, max-image-preview:large, max-video-preview:-1\" \/>\n<link rel=\"canonical\" href=\"https:\/\/operaacademy.eu\/pl\/singers-2025\/\" \/>\n<meta property=\"og:locale\" content=\"pl_PL\" \/>\n<meta property=\"og:type\" content=\"article\" \/>\n<meta property=\"og:title\" content=\"Singers - Handel Opera Academy\" \/>\n<meta property=\"og:description\" content=\"Join the Handel Opera Academy. Registration now open for Serse - G.F. Handel - July 2025. APPLY NOW.\" \/>\n<meta property=\"og:url\" content=\"https:\/\/operaacademy.eu\/pl\/singers-2025\/\" \/>\n<meta property=\"og:site_name\" content=\"Handel Opera Academy\" \/>\n<meta property=\"article:modified_time\" content=\"2025-01-23T11:23:41+00:00\" \/>\n<meta property=\"og:image\" content=\"https:\/\/operaacademy.eu\/wp-content\/uploads\/2024\/11\/Poster_serse_full.jpg\" \/>\n\t<meta property=\"og:image:width\" content=\"1013\" \/>\n\t<meta property=\"og:image:height\" content=\"1350\" \/>\n\t<meta property=\"og:image:type\" content=\"image\/jpeg\" \/>\n<meta name=\"twitter:card\" content=\"summary_large_image\" \/>\n<meta name=\"twitter:label1\" content=\"Szacowany czas czytania\" \/>\n\t<meta name=\"twitter:data1\" content=\"4 minuty\" \/>\n<script type=\"application\/ld+json\" class=\"yoast-schema-graph\">{\"@context\":\"https:\\\/\\\/schema.org\",\"@graph\":[{\"@type\":\"WebPage\",\"@id\":\"https:\\\/\\\/operaacademy.eu\\\/singers-2025\\\/\",\"url\":\"https:\\\/\\\/operaacademy.eu\\\/singers-2025\\\/\",\"name\":\"Singers - Handel Opera Academy\",\"isPartOf\":{\"@id\":\"https:\\\/\\\/operaacademy.eu\\\/#website\"},\"primaryImageOfPage\":{\"@id\":\"https:\\\/\\\/operaacademy.eu\\\/singers-2025\\\/#primaryimage\"},\"image\":{\"@id\":\"https:\\\/\\\/operaacademy.eu\\\/singers-2025\\\/#primaryimage\"},\"thumbnailUrl\":\"https:\\\/\\\/operaacademy.eu\\\/wp-content\\\/uploads\\\/2024\\\/11\\\/Poster_serse_full-768x1024.jpg\",\"datePublished\":\"2025-01-05T23:23:18+00:00\",\"dateModified\":\"2025-01-23T11:23:41+00:00\",\"description\":\"Join the Handel Opera Academy. Registration now open for Serse - G.F. Handel - July 2025. APPLY NOW.\",\"breadcrumb\":{\"@id\":\"https:\\\/\\\/operaacademy.eu\\\/singers-2025\\\/#breadcrumb\"},\"inLanguage\":\"pl-PL\",\"potentialAction\":[{\"@type\":\"ReadAction\",\"target\":[\"https:\\\/\\\/operaacademy.eu\\\/singers-2025\\\/\"]}]},{\"@type\":\"ImageObject\",\"inLanguage\":\"pl-PL\",\"@id\":\"https:\\\/\\\/operaacademy.eu\\\/singers-2025\\\/#primaryimage\",\"url\":\"https:\\\/\\\/operaacademy.eu\\\/wp-content\\\/uploads\\\/2024\\\/11\\\/Poster_serse_full-768x1024.jpg\",\"contentUrl\":\"https:\\\/\\\/operaacademy.eu\\\/wp-content\\\/uploads\\\/2024\\\/11\\\/Poster_serse_full-768x1024.jpg\"},{\"@type\":\"BreadcrumbList\",\"@id\":\"https:\\\/\\\/operaacademy.eu\\\/singers-2025\\\/#breadcrumb\",\"itemListElement\":[{\"@type\":\"ListItem\",\"position\":1,\"name\":\"Home\",\"item\":\"https:\\\/\\\/operaacademy.eu\\\/\"},{\"@type\":\"ListItem\",\"position\":2,\"name\":\"Singers\"}]},{\"@type\":\"WebSite\",\"@id\":\"https:\\\/\\\/operaacademy.eu\\\/#website\",\"url\":\"https:\\\/\\\/operaacademy.eu\\\/\",\"name\":\"Handel Opera Academy\",\"description\":\"Serse - 2025\",\"publisher\":{\"@id\":\"https:\\\/\\\/operaacademy.eu\\\/#organization\"},\"potentialAction\":[{\"@type\":\"SearchAction\",\"target\":{\"@type\":\"EntryPoint\",\"urlTemplate\":\"https:\\\/\\\/operaacademy.eu\\\/?s={search_term_string}\"},\"query-input\":{\"@type\":\"PropertyValueSpecification\",\"valueRequired\":true,\"valueName\":\"search_term_string\"}}],\"inLanguage\":\"pl-PL\"},{\"@type\":\"Organization\",\"@id\":\"https:\\\/\\\/operaacademy.eu\\\/#organization\",\"name\":\"Handel Opera Academy\",\"url\":\"https:\\\/\\\/operaacademy.eu\\\/\",\"logo\":{\"@type\":\"ImageObject\",\"inLanguage\":\"pl-PL\",\"@id\":\"https:\\\/\\\/operaacademy.eu\\\/#\\\/schema\\\/logo\\\/image\\\/\",\"url\":\"https:\\\/\\\/operaacademy.eu\\\/wp-content\\\/uploads\\\/2021\\\/12\\\/logo.png\",\"contentUrl\":\"https:\\\/\\\/operaacademy.eu\\\/wp-content\\\/uploads\\\/2021\\\/12\\\/logo.png\",\"width\":10321,\"height\":8683,\"caption\":\"Handel Opera Academy\"},\"image\":{\"@id\":\"https:\\\/\\\/operaacademy.eu\\\/#\\\/schema\\\/logo\\\/image\\\/\"}}]}<\/script>\n<!-- \/ Yoast SEO plugin. -->","yoast_head_json":{"title":"Singers - Handel Opera Academy","description":"Join the Handel Opera Academy. Registration now open for Serse - G.F. Handel - July 2025. APPLY NOW.","robots":{"index":"index","follow":"follow","max-snippet":"max-snippet:-1","max-image-preview":"max-image-preview:large","max-video-preview":"max-video-preview:-1"},"canonical":"https:\/\/operaacademy.eu\/pl\/singers-2025\/","og_locale":"pl_PL","og_type":"article","og_title":"Singers - Handel Opera Academy","og_description":"Join the Handel Opera Academy. Registration now open for Serse - G.F. Handel - July 2025. APPLY NOW.","og_url":"https:\/\/operaacademy.eu\/pl\/singers-2025\/","og_site_name":"Handel Opera Academy","article_modified_time":"2025-01-23T11:23:41+00:00","og_image":[{"width":1013,"height":1350,"url":"https:\/\/operaacademy.eu\/wp-content\/uploads\/2024\/11\/Poster_serse_full.jpg","type":"image\/jpeg"}],"twitter_card":"summary_large_image","twitter_misc":{"Szacowany czas czytania":"4 minuty"},"schema":{"@context":"https:\/\/schema.org","@graph":[{"@type":"WebPage","@id":"https:\/\/operaacademy.eu\/singers-2025\/","url":"https:\/\/operaacademy.eu\/singers-2025\/","name":"Singers - Handel Opera Academy","isPartOf":{"@id":"https:\/\/operaacademy.eu\/#website"},"primaryImageOfPage":{"@id":"https:\/\/operaacademy.eu\/singers-2025\/#primaryimage"},"image":{"@id":"https:\/\/operaacademy.eu\/singers-2025\/#primaryimage"},"thumbnailUrl":"https:\/\/operaacademy.eu\/wp-content\/uploads\/2024\/11\/Poster_serse_full-768x1024.jpg","datePublished":"2025-01-05T23:23:18+00:00","dateModified":"2025-01-23T11:23:41+00:00","description":"Join the Handel Opera Academy. Registration now open for Serse - G.F. Handel - July 2025. APPLY NOW.","breadcrumb":{"@id":"https:\/\/operaacademy.eu\/singers-2025\/#breadcrumb"},"inLanguage":"pl-PL","potentialAction":[{"@type":"ReadAction","target":["https:\/\/operaacademy.eu\/singers-2025\/"]}]},{"@type":"ImageObject","inLanguage":"pl-PL","@id":"https:\/\/operaacademy.eu\/singers-2025\/#primaryimage","url":"https:\/\/operaacademy.eu\/wp-content\/uploads\/2024\/11\/Poster_serse_full-768x1024.jpg","contentUrl":"https:\/\/operaacademy.eu\/wp-content\/uploads\/2024\/11\/Poster_serse_full-768x1024.jpg"},{"@type":"BreadcrumbList","@id":"https:\/\/operaacademy.eu\/singers-2025\/#breadcrumb","itemListElement":[{"@type":"ListItem","position":1,"name":"Home","item":"https:\/\/operaacademy.eu\/"},{"@type":"ListItem","position":2,"name":"Singers"}]},{"@type":"WebSite","@id":"https:\/\/operaacademy.eu\/#website","url":"https:\/\/operaacademy.eu\/","name":"Handel Opera Academy","description":"Serse - 2025","publisher":{"@id":"https:\/\/operaacademy.eu\/#organization"},"potentialAction":[{"@type":"SearchAction","target":{"@type":"EntryPoint","urlTemplate":"https:\/\/operaacademy.eu\/?s={search_term_string}"},"query-input":{"@type":"PropertyValueSpecification","valueRequired":true,"valueName":"search_term_string"}}],"inLanguage":"pl-PL"},{"@type":"Organization","@id":"https:\/\/operaacademy.eu\/#organization","name":"Handel Opera Academy","url":"https:\/\/operaacademy.eu\/","logo":{"@type":"ImageObject","inLanguage":"pl-PL","@id":"https:\/\/operaacademy.eu\/#\/schema\/logo\/image\/","url":"https:\/\/operaacademy.eu\/wp-content\/uploads\/2021\/12\/logo.png","contentUrl":"https:\/\/operaacademy.eu\/wp-content\/uploads\/2021\/12\/logo.png","width":10321,"height":8683,"caption":"Handel Opera Academy"},"image":{"@id":"https:\/\/operaacademy.eu\/#\/schema\/logo\/image\/"}}]}},"_links":{"self":[{"href":"https:\/\/operaacademy.eu\/pl\/wp-json\/wp\/v2\/pages\/1822","targetHints":{"allow":["GET"]}}],"collection":[{"href":"https:\/\/operaacademy.eu\/pl\/wp-json\/wp\/v2\/pages"}],"about":[{"href":"https:\/\/operaacademy.eu\/pl\/wp-json\/wp\/v2\/types\/page"}],"author":[{"embeddable":true,"href":"https:\/\/operaacademy.eu\/pl\/wp-json\/wp\/v2\/users\/2"}],"replies":[{"embeddable":true,"href":"https:\/\/operaacademy.eu\/pl\/wp-json\/wp\/v2\/comments?post=1822"}],"version-history":[{"count":24,"href":"https:\/\/operaacademy.eu\/pl\/wp-json\/wp\/v2\/pages\/1822\/revisions"}],"predecessor-version":[{"id":1981,"href":"https:\/\/operaacademy.eu\/pl\/wp-json\/wp\/v2\/pages\/1822\/revisions\/1981"}],"wp:attachment":[{"href":"https:\/\/operaacademy.eu\/pl\/wp-json\/wp\/v2\/media?parent=1822"}],"curies":[{"name":"wp","href":"https:\/\/api.w.org\/{rel}","templated":true}]}}