{"id":64,"date":"2021-12-08T19:12:50","date_gmt":"2021-12-08T19:12:50","guid":{"rendered":"https:\/\/operaacademy.eu\/?page_id=64"},"modified":"2025-01-19T16:59:01","modified_gmt":"2025-01-19T16:59:01","slug":"location","status":"publish","type":"page","link":"https:\/\/operaacademy.eu\/pl\/location\/","title":{"rendered":"Location"},"content":{"rendered":"<div id=\"wp-block-themeisle-blocks-advanced-columns-1feeb4de\" class=\"wp-block-themeisle-blocks-advanced-columns has-2-columns has-desktop-twoOne-layout has-tablet-equal-layout has-mobile-collapsedRows-layout has-vertical-unset\"><div class=\"wp-block-themeisle-blocks-advanced-columns-overlay\"><\/div><div class=\"innerblocks-wrap\"><div id=\"wp-block-themeisle-blocks-advanced-column-d69e4485\" class=\"wp-block-themeisle-blocks-advanced-column\"><p><strong>Boles\u0142awiec<\/strong>, a charming town in the heart of Lower Silesia, offers more than just a picturesque setting for your artistic journey. Famous for its centuries-old pottery tradition, the city is a blend of rich history and vibrant culture. The beautifully preserved architecture, coupled with its serene parks and quaint streets, creates an inspiring environment for creativity and growth. Whether you&#8217;re exploring the town square or visiting the stunning local landmarks, Boles\u0142awiec provides an idyllic backdrop for your opera experience.<\/p>\n\n<p>We are partnering with&nbsp;<strong>M\u0142odzie\u017cowy Dom Kultury im. St. Wyspia\u0144skiego<\/strong>&nbsp;(The Stanis\u0142aw Wyspia\u0144ski Youth Culture Centre) in Boles\u0142awiec to provide the participants of the Academy with rehearsing space and the venue for the final performances.<\/p><\/div>\n\n<div id=\"wp-block-themeisle-blocks-advanced-column-2a77666d\" class=\"wp-block-themeisle-blocks-advanced-column\"><div class=\"wp-block-image\"><figure class=\"alignright size-large\"><img loading=\"lazy\" decoding=\"async\" width=\"1024\" height=\"683\" src=\"https:\/\/operaacademy.eu\/wp-content\/uploads\/2025\/01\/DD0A7559-2-1024x683.jpg\" alt=\"\" class=\"wp-image-1975\" srcset=\"https:\/\/operaacademy.eu\/wp-content\/uploads\/2025\/01\/DD0A7559-2-1024x683.jpg 1024w, https:\/\/operaacademy.eu\/wp-content\/uploads\/2025\/01\/DD0A7559-2-300x200.jpg 300w, https:\/\/operaacademy.eu\/wp-content\/uploads\/2025\/01\/DD0A7559-2-768x512.jpg 768w, https:\/\/operaacademy.eu\/wp-content\/uploads\/2025\/01\/DD0A7559-2-18x12.jpg 18w, https:\/\/operaacademy.eu\/wp-content\/uploads\/2025\/01\/DD0A7559-2-500x333.jpg 500w, https:\/\/operaacademy.eu\/wp-content\/uploads\/2025\/01\/DD0A7559-2-800x533.jpg 800w, https:\/\/operaacademy.eu\/wp-content\/uploads\/2025\/01\/DD0A7559-2-1280x853.jpg 1280w, https:\/\/operaacademy.eu\/wp-content\/uploads\/2025\/01\/DD0A7559-2-450x300.jpg 450w, https:\/\/operaacademy.eu\/wp-content\/uploads\/2025\/01\/DD0A7559-2-600x400.jpg 600w, https:\/\/operaacademy.eu\/wp-content\/uploads\/2025\/01\/DD0A7559-2.jpg 1350w\" sizes=\"auto, (max-width: 1024px) 100vw, 1024px\" \/><\/figure><\/div><\/div><\/div><\/div><hr class=\"wp-block-separator has-alpha-channel-opacity is-style-wide\"\/><div class=\"wp-block-columns is-layout-flex wp-container-core-columns-is-layout-9d6595d7 wp-block-columns-is-layout-flex\"><div class=\"wp-block-column is-layout-flow wp-block-column-is-layout-flow\" style=\"flex-basis:100%\"><div class=\"wp-block-group\"><div class=\"wp-block-group__inner-container is-layout-constrained wp-block-group-is-layout-constrained\"><div class=\"wp-block-columns is-layout-flex wp-container-core-columns-is-layout-9d6595d7 wp-block-columns-is-layout-flex\"><div class=\"wp-block-column is-layout-flow wp-block-column-is-layout-flow\" style=\"flex-basis:40%\"><div class=\"wp-block-image is-style-default ticss-7de70151\"><figure class=\"alignleft size-large is-resized\"><img loading=\"lazy\" decoding=\"async\" width=\"1024\" height=\"819\" src=\"https:\/\/operaacademy.eu\/wp-content\/uploads\/2025\/01\/DD0A7593-1024x819.jpg\" alt=\"\" class=\"wp-image-1905\" style=\"object-fit:cover;width:483px;height:auto\" srcset=\"https:\/\/operaacademy.eu\/wp-content\/uploads\/2025\/01\/DD0A7593-1024x819.jpg 1024w, https:\/\/operaacademy.eu\/wp-content\/uploads\/2025\/01\/DD0A7593-300x240.jpg 300w, https:\/\/operaacademy.eu\/wp-content\/uploads\/2025\/01\/DD0A7593-768x614.jpg 768w, https:\/\/operaacademy.eu\/wp-content\/uploads\/2025\/01\/DD0A7593-15x12.jpg 15w, https:\/\/operaacademy.eu\/wp-content\/uploads\/2025\/01\/DD0A7593-500x400.jpg 500w, https:\/\/operaacademy.eu\/wp-content\/uploads\/2025\/01\/DD0A7593-800x640.jpg 800w, https:\/\/operaacademy.eu\/wp-content\/uploads\/2025\/01\/DD0A7593-1280x1024.jpg 1280w, https:\/\/operaacademy.eu\/wp-content\/uploads\/2025\/01\/DD0A7593-375x300.jpg 375w, https:\/\/operaacademy.eu\/wp-content\/uploads\/2025\/01\/DD0A7593-600x480.jpg 600w, https:\/\/operaacademy.eu\/wp-content\/uploads\/2025\/01\/DD0A7593.jpg 1350w\" sizes=\"auto, (max-width: 1024px) 100vw, 1024px\" \/><\/figure><\/div><\/div>\n\n<div class=\"wp-block-column is-layout-flow wp-block-column-is-layout-flow\" style=\"flex-basis:60%\"><p class=\"has-text-align-left\">At the heart of the Academy is <strong>Teatr Stary<\/strong>, a historic and beautifully restored venue that will host your performances and rehearsals. Steeped in cultural significance, Teatr Stary\u2019s intimate yet grand atmosphere offers a unique blend of history and modern artistry, providing singers with an exceptional space to develop their craft. The venue\u2019s acoustics and aesthetic make it a favourite for both performers and audiences alike, creating the perfect environment to immerse yourself in the world of opera.<\/p>\n\n<p>Beyond its artistic appeal, Boles\u0142awiec offers a taste of authentic Polish hospitality. Indulge in local cuisine, explore the nearby countryside, or relax after a day of rehearsals in one of its charming cafes. With its perfect balance of cultural richness, natural beauty, and artistic opportunity, Boles\u0142awiec, and Teatr Stary, are the ideal destinations for any singer looking to advance their career in a supportive and inspiring environment.<\/p><\/div><\/div><\/div><\/div><\/div><\/div><div id=\"wp-block-themeisle-blocks-accordion-7ac4721e\" class=\"wp-block-themeisle-blocks-accordion exclusive\"><details class=\"wp-block-themeisle-blocks-accordion-item\"><summary class=\"wp-block-themeisle-blocks-accordion-item__title\"><div><strong>Rehearsals and performances<\/strong><\/div><\/summary><div class=\"wp-block-themeisle-blocks-accordion-item__content\"><p><br><strong>Teatr Stary w Boles\u0142awcu<\/strong><\/p>\n\n<p>Teatralna 1<br>59-700 Boles\u0142awiec<\/p><\/div><\/details><\/div><div id=\"lmm_2d32eab6\" style=\"width:640px;\" class=\"mapsmarker layermap layer-1\">\n<div id=\"lmm_panel_2d32eab6\" class=\"lmm-panel\" style=\"background:#efefef;\">\n<div id=\"lmm_panel_api_2d32eab6\" class=\"lmm-panel-api\"><\/div><div id=\"lmm_panel_text_2d32eab6\" class=\"lmm-panel-text\" style=\"font-weight:bold;color:#373737;\">Handel Opera Academy<\/div>\n<\/div>\n<div id=\"lmm_map_2d32eab6\" class=\"lmm-map\" style=\"background:#f6f6f6;border:1px solid #ccc;height:480px; overflow:hidden;padding:0;\"><p style=\"font-size:80%;color:#9f9e9e;margin-left:5px;\">\u0142adowanie mapy - prosz\u0119 czeka\u0107...<noscript><br\/><strong>Mapa nie mo\u017ce by\u0107 zaczytana - prosz\u0119 w\u0142\u0105czy\u0107 obs\u0142ug\u0119 Javascript!<\/strong><br\/><a style=\"text-decoration:none;\" href=\"https:\/\/www.mapsmarker.com\/js-disabled\" target=\"_blank\">&rarr; wi\u0119cej informacji<\/a><\/noscript><\/p><\/div>\n<div id=\"lmm_geo_tags_2d32eab6_1\" class=\"lmm-geo-tags geo\">Teatr Stary w Boles\u0142awcu: <span class=\"latitude\">51.264724<\/span>, <span class=\"longitude\">15.564258<\/span><\/div>\n<\/div>","protected":false},"excerpt":{"rendered":"<p>At the heart of the Academy is Teatr Stary, a historic and beautifully restored venue that will host your performances and rehearsals. Steeped in cultural &#8230;<\/p>","protected":false},"author":1,"featured_media":451,"parent":0,"menu_order":30,"comment_status":"closed","ping_status":"closed","template":"","meta":{"_themeisle_gutenberg_block_has_review":false,"_vp_format_video_url":"","_vp_image_focal_point":[],"footnotes":""},"class_list":["post-64","page","type-page","status-publish","has-post-thumbnail","hentry"],"yoast_head":"<!-- This site is optimized with the Yoast SEO plugin v27.3 - https:\/\/yoast.com\/product\/yoast-seo-wordpress\/ -->\n<title>Location - Handel Opera Academy<\/title>\n<meta name=\"robots\" content=\"index, follow, max-snippet:-1, max-image-preview:large, max-video-preview:-1\" \/>\n<link rel=\"canonical\" href=\"https:\/\/operaacademy.eu\/pl\/location\/\" \/>\n<meta property=\"og:locale\" content=\"pl_PL\" \/>\n<meta property=\"og:type\" content=\"article\" \/>\n<meta property=\"og:title\" content=\"Location - Handel Opera Academy\" \/>\n<meta property=\"og:description\" content=\"At the heart of the Academy is Teatr Stary, a historic and beautifully restored venue that will host your performances and rehearsals. Steeped in cultural ...\" \/>\n<meta property=\"og:url\" content=\"https:\/\/operaacademy.eu\/pl\/location\/\" \/>\n<meta property=\"og:site_name\" content=\"Handel Opera Academy\" \/>\n<meta property=\"article:modified_time\" content=\"2025-01-19T16:59:01+00:00\" \/>\n<meta property=\"og:image\" content=\"https:\/\/operaacademy.eu\/wp-content\/uploads\/2021\/12\/Tarnowskie-Gory.jpg\" \/>\n\t<meta property=\"og:image:width\" content=\"2048\" \/>\n\t<meta property=\"og:image:height\" content=\"1365\" \/>\n\t<meta property=\"og:image:type\" content=\"image\/jpeg\" \/>\n<meta name=\"twitter:card\" content=\"summary_large_image\" \/>\n<meta name=\"twitter:label1\" content=\"Szacowany czas czytania\" \/>\n\t<meta name=\"twitter:data1\" content=\"2 minuty\" \/>\n<script type=\"application\/ld+json\" class=\"yoast-schema-graph\">{\"@context\":\"https:\\\/\\\/schema.org\",\"@graph\":[{\"@type\":\"WebPage\",\"@id\":\"https:\\\/\\\/operaacademy.eu\\\/location\\\/\",\"url\":\"https:\\\/\\\/operaacademy.eu\\\/location\\\/\",\"name\":\"Location - Handel Opera Academy\",\"isPartOf\":{\"@id\":\"https:\\\/\\\/operaacademy.eu\\\/#website\"},\"primaryImageOfPage\":{\"@id\":\"https:\\\/\\\/operaacademy.eu\\\/location\\\/#primaryimage\"},\"image\":{\"@id\":\"https:\\\/\\\/operaacademy.eu\\\/location\\\/#primaryimage\"},\"thumbnailUrl\":\"https:\\\/\\\/operaacademy.eu\\\/wp-content\\\/uploads\\\/2021\\\/12\\\/Tarnowskie-Gory.jpg\",\"datePublished\":\"2021-12-08T19:12:50+00:00\",\"dateModified\":\"2025-01-19T16:59:01+00:00\",\"breadcrumb\":{\"@id\":\"https:\\\/\\\/operaacademy.eu\\\/location\\\/#breadcrumb\"},\"inLanguage\":\"pl-PL\",\"potentialAction\":[{\"@type\":\"ReadAction\",\"target\":[\"https:\\\/\\\/operaacademy.eu\\\/location\\\/\"]}]},{\"@type\":\"ImageObject\",\"inLanguage\":\"pl-PL\",\"@id\":\"https:\\\/\\\/operaacademy.eu\\\/location\\\/#primaryimage\",\"url\":\"https:\\\/\\\/operaacademy.eu\\\/wp-content\\\/uploads\\\/2021\\\/12\\\/Tarnowskie-Gory.jpg\",\"contentUrl\":\"https:\\\/\\\/operaacademy.eu\\\/wp-content\\\/uploads\\\/2021\\\/12\\\/Tarnowskie-Gory.jpg\",\"width\":2048,\"height\":1365},{\"@type\":\"BreadcrumbList\",\"@id\":\"https:\\\/\\\/operaacademy.eu\\\/location\\\/#breadcrumb\",\"itemListElement\":[{\"@type\":\"ListItem\",\"position\":1,\"name\":\"Home\",\"item\":\"https:\\\/\\\/operaacademy.eu\\\/\"},{\"@type\":\"ListItem\",\"position\":2,\"name\":\"Location\"}]},{\"@type\":\"WebSite\",\"@id\":\"https:\\\/\\\/operaacademy.eu\\\/#website\",\"url\":\"https:\\\/\\\/operaacademy.eu\\\/\",\"name\":\"Handel Opera Academy\",\"description\":\"Serse - 2025\",\"publisher\":{\"@id\":\"https:\\\/\\\/operaacademy.eu\\\/#organization\"},\"potentialAction\":[{\"@type\":\"SearchAction\",\"target\":{\"@type\":\"EntryPoint\",\"urlTemplate\":\"https:\\\/\\\/operaacademy.eu\\\/?s={search_term_string}\"},\"query-input\":{\"@type\":\"PropertyValueSpecification\",\"valueRequired\":true,\"valueName\":\"search_term_string\"}}],\"inLanguage\":\"pl-PL\"},{\"@type\":\"Organization\",\"@id\":\"https:\\\/\\\/operaacademy.eu\\\/#organization\",\"name\":\"Handel Opera Academy\",\"url\":\"https:\\\/\\\/operaacademy.eu\\\/\",\"logo\":{\"@type\":\"ImageObject\",\"inLanguage\":\"pl-PL\",\"@id\":\"https:\\\/\\\/operaacademy.eu\\\/#\\\/schema\\\/logo\\\/image\\\/\",\"url\":\"https:\\\/\\\/operaacademy.eu\\\/wp-content\\\/uploads\\\/2021\\\/12\\\/logo.png\",\"contentUrl\":\"https:\\\/\\\/operaacademy.eu\\\/wp-content\\\/uploads\\\/2021\\\/12\\\/logo.png\",\"width\":10321,\"height\":8683,\"caption\":\"Handel Opera Academy\"},\"image\":{\"@id\":\"https:\\\/\\\/operaacademy.eu\\\/#\\\/schema\\\/logo\\\/image\\\/\"}}]}<\/script>\n<!-- \/ Yoast SEO plugin. -->","yoast_head_json":{"title":"Location - Handel Opera Academy","robots":{"index":"index","follow":"follow","max-snippet":"max-snippet:-1","max-image-preview":"max-image-preview:large","max-video-preview":"max-video-preview:-1"},"canonical":"https:\/\/operaacademy.eu\/pl\/location\/","og_locale":"pl_PL","og_type":"article","og_title":"Location - Handel Opera Academy","og_description":"At the heart of the Academy is Teatr Stary, a historic and beautifully restored venue that will host your performances and rehearsals. Steeped in cultural ...","og_url":"https:\/\/operaacademy.eu\/pl\/location\/","og_site_name":"Handel Opera Academy","article_modified_time":"2025-01-19T16:59:01+00:00","og_image":[{"width":2048,"height":1365,"url":"https:\/\/operaacademy.eu\/wp-content\/uploads\/2021\/12\/Tarnowskie-Gory.jpg","type":"image\/jpeg"}],"twitter_card":"summary_large_image","twitter_misc":{"Szacowany czas czytania":"2 minuty"},"schema":{"@context":"https:\/\/schema.org","@graph":[{"@type":"WebPage","@id":"https:\/\/operaacademy.eu\/location\/","url":"https:\/\/operaacademy.eu\/location\/","name":"Location - Handel Opera Academy","isPartOf":{"@id":"https:\/\/operaacademy.eu\/#website"},"primaryImageOfPage":{"@id":"https:\/\/operaacademy.eu\/location\/#primaryimage"},"image":{"@id":"https:\/\/operaacademy.eu\/location\/#primaryimage"},"thumbnailUrl":"https:\/\/operaacademy.eu\/wp-content\/uploads\/2021\/12\/Tarnowskie-Gory.jpg","datePublished":"2021-12-08T19:12:50+00:00","dateModified":"2025-01-19T16:59:01+00:00","breadcrumb":{"@id":"https:\/\/operaacademy.eu\/location\/#breadcrumb"},"inLanguage":"pl-PL","potentialAction":[{"@type":"ReadAction","target":["https:\/\/operaacademy.eu\/location\/"]}]},{"@type":"ImageObject","inLanguage":"pl-PL","@id":"https:\/\/operaacademy.eu\/location\/#primaryimage","url":"https:\/\/operaacademy.eu\/wp-content\/uploads\/2021\/12\/Tarnowskie-Gory.jpg","contentUrl":"https:\/\/operaacademy.eu\/wp-content\/uploads\/2021\/12\/Tarnowskie-Gory.jpg","width":2048,"height":1365},{"@type":"BreadcrumbList","@id":"https:\/\/operaacademy.eu\/location\/#breadcrumb","itemListElement":[{"@type":"ListItem","position":1,"name":"Home","item":"https:\/\/operaacademy.eu\/"},{"@type":"ListItem","position":2,"name":"Location"}]},{"@type":"WebSite","@id":"https:\/\/operaacademy.eu\/#website","url":"https:\/\/operaacademy.eu\/","name":"Handel Opera Academy","description":"Serse - 2025","publisher":{"@id":"https:\/\/operaacademy.eu\/#organization"},"potentialAction":[{"@type":"SearchAction","target":{"@type":"EntryPoint","urlTemplate":"https:\/\/operaacademy.eu\/?s={search_term_string}"},"query-input":{"@type":"PropertyValueSpecification","valueRequired":true,"valueName":"search_term_string"}}],"inLanguage":"pl-PL"},{"@type":"Organization","@id":"https:\/\/operaacademy.eu\/#organization","name":"Handel Opera Academy","url":"https:\/\/operaacademy.eu\/","logo":{"@type":"ImageObject","inLanguage":"pl-PL","@id":"https:\/\/operaacademy.eu\/#\/schema\/logo\/image\/","url":"https:\/\/operaacademy.eu\/wp-content\/uploads\/2021\/12\/logo.png","contentUrl":"https:\/\/operaacademy.eu\/wp-content\/uploads\/2021\/12\/logo.png","width":10321,"height":8683,"caption":"Handel Opera Academy"},"image":{"@id":"https:\/\/operaacademy.eu\/#\/schema\/logo\/image\/"}}]}},"_links":{"self":[{"href":"https:\/\/operaacademy.eu\/pl\/wp-json\/wp\/v2\/pages\/64","targetHints":{"allow":["GET"]}}],"collection":[{"href":"https:\/\/operaacademy.eu\/pl\/wp-json\/wp\/v2\/pages"}],"about":[{"href":"https:\/\/operaacademy.eu\/pl\/wp-json\/wp\/v2\/types\/page"}],"author":[{"embeddable":true,"href":"https:\/\/operaacademy.eu\/pl\/wp-json\/wp\/v2\/users\/1"}],"replies":[{"embeddable":true,"href":"https:\/\/operaacademy.eu\/pl\/wp-json\/wp\/v2\/comments?post=64"}],"version-history":[{"count":47,"href":"https:\/\/operaacademy.eu\/pl\/wp-json\/wp\/v2\/pages\/64\/revisions"}],"predecessor-version":[{"id":1978,"href":"https:\/\/operaacademy.eu\/pl\/wp-json\/wp\/v2\/pages\/64\/revisions\/1978"}],"wp:featuredmedia":[{"embeddable":true,"href":"https:\/\/operaacademy.eu\/pl\/wp-json\/wp\/v2\/media\/451"}],"wp:attachment":[{"href":"https:\/\/operaacademy.eu\/pl\/wp-json\/wp\/v2\/media?parent=64"}],"curies":[{"name":"wp","href":"https:\/\/api.w.org\/{rel}","templated":true}]}}